{"id":2,"date":"2015-01-27T10:41:29","date_gmt":"2015-01-27T09:41:29","guid":{"rendered":"http:\/\/www.ubv-kaufering.de\/neu\/?page_id=2"},"modified":"2020-01-31T21:35:16","modified_gmt":"2020-01-31T20:35:16","slug":"ueber-uns","status":"publish","type":"page","link":"https:\/\/www.ubv-kaufering.de\/neu\/ueber-uns\/","title":{"rendered":"\u00dcber uns"},"content":{"rendered":"<div id=\"m15039608668633935\" class=\"mail-message expanded\" style=\"color: #000000; font-family: sans-serif; font-size: 12.8px; font-style: normal; font-variant-ligatures: normal; font-variant-caps: normal; font-weight: 400; letter-spacing: normal; orphans: 2text-indent:0px; text-transform: none; white-space: normal; widows: 2; word-spacing: 0px; -webkit-text-stroke-width: 0px; text-decoration-style: initial; text-decoration-color: initial; text-align: left;\">\n<div>\n<div>\n<div>\n<div>\n<div><span style=\"font-family: georgia, palatino, serif; font-size: 12pt;\">Lieber Gast,<\/span><br \/>\n<span style=\"font-family: georgia, palatino, serif; font-size: 12pt;\">herzlich willkommen auf unserer neu gestalteten Homepage. Wir freuen uns, dass Sie sich f\u00fcr unsere politische Arbeit interessieren.Hinter den sechs verschieden Icons auf der Startseite finden Sie weitere Informationen.So zum Beispiel unser Wahlprogramm f\u00fcr die n\u00e4chsten sechs Jahre. Wir zeigen Ihnen auf, was wir bereits erreichen konnten und wof\u00fcr wir uns in den n\u00e4chsten sechs Jahren f\u00fcr Sie einsetzen wollen.<\/span><\/div>\n<div><\/div>\n<div><span style=\"font-family: georgia, palatino, serif;\"><span style=\"font-size: 12pt;\">In einem weiteren Schritt haben wir f\u00fcr Sie Informationen zu unserer Arbeit im Marktgemeinderat zusammengestellt.Unter dem Register Politik pers\u00f6nlich werden Sie zuk\u00fcnftig Beschlussantr\u00e4ge, Pr\u00e4sentationen und Berichte von unserer politischen Arbeit abrufen k\u00f6nnen. <\/span><span style=\"font-size: 12pt;\">Auch Anfragen der UBV und die dazugeh\u00f6rigen Antworten aus der Verwaltung werden wir hier einstellen.<\/span><\/span><\/div>\n<div><\/div>\n<div><span style=\"font-family: georgia, palatino, serif; font-size: 12pt;\">Haben Sie selber eine Frage oder ein Anliegen, das Sie gerne Vorbringen m\u00f6chten, dann k\u00f6nnen Sie uns dies \u00fcber die Auswahlfl\u00e4chen \u201cB\u00fcrgerdialog\u201c oder \u201cAnfragen\u201c gerne mitteilen.<\/span><\/div>\n<div><\/div>\n<div><span style=\"font-family: georgia, palatino, serif; font-size: 12pt;\">In K\u00fcrze werden wir hier auch unsere neuen Kandidaten(-innen) f\u00fcr die kommenden Kommunalwahlen vorstellen.Es tut sich also was. Schauen Sie daher gerne mal wieder auf unserer Seite vorbei.Gerne w\u00fcrden wir Sie auch bei unserem UBV-Stammtisch mit B\u00fcrgerdialog begr\u00fc\u00dfen.<\/span><\/div>\n<div><\/div>\n<div><span style=\"font-family: georgia, palatino, serif; font-size: 12pt;\">Wenn Sie tatkr\u00e4ftig mitmachen m\u00f6chten, dann werden Sie Mitglied oder unterst\u00fctzen uns mit einer Spende. Daf\u00fcr verwenden Sie bitte folgende Kontodaten:<\/span><br \/>\n<span style=\"font-family: georgia, palatino, serif; font-size: 12pt;\">VR-Bank Landsberg-Ammersee<\/span><br \/>\n<span style=\"font-family: georgia, palatino, serif; font-size: 12pt;\">BIC: GENODEF1DSS<\/span><br \/>\n<span style=\"font-family: georgia, palatino, serif; font-size: 12pt;\">IBAN: DE20700916000005128978<\/span><\/div>\n<\/div>\n<\/div>\n<\/div>\n<\/div>\n<\/div>\n","protected":false},"excerpt":{"rendered":"<p>Lieber Gast, herzlich willkommen auf unserer neu gestalteten Homepage. Wir freuen uns, dass Sie sich f\u00fcr unsere politische Arbeit interessieren.Hinter den sechs verschieden Icons auf der Startseite finden Sie weitere Informationen.So zum Beispiel unser Wahlprogramm f\u00fcr die n\u00e4chsten sechs Jahre. Wir zeigen Ihnen auf, was wir bereits erreichen konnten und wof\u00fcr wir uns in den &hellip; <\/p>\n","protected":false},"author":1,"featured_media":0,"parent":0,"menu_order":1,"comment_status":"closed","ping_status":"closed","template":"","meta":{"footnotes":""},"class_list":["post-2","page","type-page","status-publish","hentry","latest_post"],"_links":{"self":[{"href":"https:\/\/www.ubv-kaufering.de\/neu\/wp-json\/wp\/v2\/pages\/2","targetHints":{"allow":["GET"]}}],"collection":[{"href":"https:\/\/www.ubv-kaufering.de\/neu\/wp-json\/wp\/v2\/pages"}],"about":[{"href":"https:\/\/www.ubv-kaufering.de\/neu\/wp-json\/wp\/v2\/types\/page"}],"author":[{"embeddable":true,"href":"https:\/\/www.ubv-kaufering.de\/neu\/wp-json\/wp\/v2\/users\/1"}],"replies":[{"embeddable":true,"href":"https:\/\/www.ubv-kaufering.de\/neu\/wp-json\/wp\/v2\/comments?post=2"}],"version-history":[{"count":10,"href":"https:\/\/www.ubv-kaufering.de\/neu\/wp-json\/wp\/v2\/pages\/2\/revisions"}],"predecessor-version":[{"id":640,"href":"https:\/\/www.ubv-kaufering.de\/neu\/wp-json\/wp\/v2\/pages\/2\/revisions\/640"}],"wp:attachment":[{"href":"https:\/\/www.ubv-kaufering.de\/neu\/wp-json\/wp\/v2\/media?parent=2"}],"curies":[{"name":"wp","href":"https:\/\/api.w.org\/{rel}","templated":true}]}}