{"id":39,"date":"2015-01-27T13:03:19","date_gmt":"2015-01-27T13:03:19","guid":{"rendered":"http:\/\/www.ubv-kaufering.de\/neu\/?page_id=39"},"modified":"2026-02-08T19:22:52","modified_gmt":"2026-02-08T18:22:52","slug":"wahlprogramm","status":"publish","type":"page","link":"https:\/\/www.ubv-kaufering.de\/neu\/ueber-uns\/wahlprogramm\/","title":{"rendered":"Wahlprogramm"},"content":{"rendered":"<p>Liebe Mitb\u00fcrgerinnen und Mitb\u00fcrger,<br \/>\nseit \u00fcber 35 Jahren engagiert sich die UBV politisch wie sozial f\u00fcr Kaufering. Dank Ihres Ver\u00adtrauens konnten wir die positive Entwicklung unserer Marktgemeinde feder\u00adf\u00fchrend mitgestalten.<\/p>\n<p>Mit den aktuellen <strong><a href=\"https:\/\/www.ubv-kaufering.de\/neu\/ueber-uns\/kandidaten-kommunalwahl-2026\/\">Bewerbern<\/a><\/strong> \u00adwollen wir dieses Engagement f\u00fcr unseren Markt fortsetzen. Unsere Mannschaft ist eine Mischung aus kommunal-politisch erfahrenen Mandatstr\u00e4gern, politisch interessierten B\u00fcrgern und motivierten Nachwuchskr\u00e4ften.<\/p>\n<p>In den n\u00e4chsten sechs Jahren warten teils gro\u00dfe Herausforderungen auf uns.<br \/>\nSo m\u00fcssen z.\u2009B.<\/p>\n<ul>\n<li>das <strong>Feuerwehrhaus<\/strong> gebaut,<\/li>\n<li>die <strong>medizinische Nahversorgung<\/strong> langfristig gesichert,<\/li>\n<li>die <strong>Finanzen konsolidiert<\/strong> werden.<\/li>\n<\/ul>\n<p>Um diese und andere wichtige Vorhaben realisieren zu k\u00f6nnen, sind kluge K\u00f6pfe und neue Ideen gefragt.<br \/>\nF\u00fcr optimale L\u00f6sungen braucht es konstruktive Zusammenarbeit im Marktgemeinderat. Genau darin sind wir stark.<\/p>\n<p>Es geht nur gemeinsam. Daf\u00fcr brauchen wir Ihre Stimme.<\/p>\n<p>&nbsp;<\/p>\n<h4>Wohnraum schaffen<\/h4>\n<table style=\"width: 100%; border-collapse: collapse; border-style: none; height: 237px;\">\n<tbody>\n<tr style=\"height: 237px;\">\n<td style=\"width: 684.5px; vertical-align: top; border-style: none; height: 237px;\"><strong>Wir wissen<\/strong>, Lechfeldwiesen V kann nur ein Anfang sein. Noch immer suchen viele Menschen in Kaufering bezahlbaren Wohnraum, vor allem junge Familien.<\/p>\n<p><strong>Wir wollen<\/strong> den Wohnungsbau zukunftsorientiert und enkeltauglich weiterentwickeln, neue Fl\u00e4chen ausweisen, ohne bestehendes Gewerbe zu verdr\u00e4ngen. Und das so zeitnah wie m\u00f6glich.<\/td>\n<td style=\"width: 684.5px; vertical-align: middle; border-style: none; height: 237px;\">\n<h4><img loading=\"lazy\" decoding=\"async\" class=\"wp-image-993 size-medium alignright\" src=\"https:\/\/www.ubv-kaufering.de\/neu\/wp-content\/uploads\/2026\/02\/251215_120003_IMG_9205-300x200.jpg\" alt=\"\" width=\"300\" height=\"200\" srcset=\"https:\/\/www.ubv-kaufering.de\/neu\/wp-content\/uploads\/2026\/02\/251215_120003_IMG_9205-300x200.jpg 300w, https:\/\/www.ubv-kaufering.de\/neu\/wp-content\/uploads\/2026\/02\/251215_120003_IMG_9205-1024x683.jpg 1024w, https:\/\/www.ubv-kaufering.de\/neu\/wp-content\/uploads\/2026\/02\/251215_120003_IMG_9205-768x512.jpg 768w, https:\/\/www.ubv-kaufering.de\/neu\/wp-content\/uploads\/2026\/02\/251215_120003_IMG_9205-1536x1024.jpg 1536w, https:\/\/www.ubv-kaufering.de\/neu\/wp-content\/uploads\/2026\/02\/251215_120003_IMG_9205-2048x1365.jpg 2048w, https:\/\/www.ubv-kaufering.de\/neu\/wp-content\/uploads\/2026\/02\/251215_120003_IMG_9205-90x60.jpg 90w\" sizes=\"auto, (max-width: 300px) 100vw, 300px\" \/><\/h4>\n<\/td>\n<\/tr>\n<\/tbody>\n<\/table>\n<h4><\/h4>\n<h4>Finanzen klug planen<\/h4>\n<table style=\"width: 100%; border-collapse: collapse; border-style: none;\">\n<tbody>\n<tr>\n<td style=\"width: 684.5px; border-style: none; vertical-align: middle;\"><img loading=\"lazy\" decoding=\"async\" class=\"alignnone size-medium wp-image-995\" src=\"https:\/\/www.ubv-kaufering.de\/neu\/wp-content\/uploads\/2026\/02\/Finanzen-300x200.png\" alt=\"\" width=\"300\" height=\"200\" srcset=\"https:\/\/www.ubv-kaufering.de\/neu\/wp-content\/uploads\/2026\/02\/Finanzen-300x200.png 300w, https:\/\/www.ubv-kaufering.de\/neu\/wp-content\/uploads\/2026\/02\/Finanzen-1024x683.png 1024w, https:\/\/www.ubv-kaufering.de\/neu\/wp-content\/uploads\/2026\/02\/Finanzen-768x512.png 768w, https:\/\/www.ubv-kaufering.de\/neu\/wp-content\/uploads\/2026\/02\/Finanzen-90x60.png 90w, https:\/\/www.ubv-kaufering.de\/neu\/wp-content\/uploads\/2026\/02\/Finanzen.png 1536w\" sizes=\"auto, (max-width: 300px) 100vw, 300px\" \/><\/td>\n<td style=\"width: 684.5px; border-style: none; vertical-align: top;\"><strong>Wir wissen<\/strong> um die Schulden und die Verantwortung im Umgang mit diesem Thema. Gleichzeitig m\u00fcssen wir unsere Infrastruktur erhalten und fit f\u00fcr die Zukunft machen.<\/p>\n<p><strong>Wir wollen<\/strong> vorausschauend und langfristig planen. Investitionen kosten Geld, sichern aber unsere Zukunft. Anpacken hei\u00dft investieren \u2013 und dabei verantwortungsvoll mit den Mitteln umgehen. Auf das WIE kommt es an!<\/td>\n<\/tr>\n<\/tbody>\n<\/table>\n<h4><\/h4>\n<h4>Ehrenamt st\u00e4rken<\/h4>\n<table style=\"width: 100%; border-collapse: collapse; border-style: none; height: 237px;\">\n<tbody>\n<tr style=\"height: 237px;\">\n<td style=\"width: 684.5px; vertical-align: top; border-style: none; height: 237px;\"><strong>Wir wissen<\/strong>, ehrenamtliches \u00adEngagement ist unbezahlbar und unverzichtbar in unserer Markt\u00adgemeinde.<\/p>\n<p><strong>Wir wollen<\/strong> das Ehrenamt st\u00e4rken und freiwilligen Einsatz f\u00f6rdern. Engagierte Kauferinger verdienen h\u00f6chste Wertsch\u00e4tzung und \u00adbestm\u00f6gliche Unterst\u00fctzung. \u00adDaf\u00fcr setzen wir uns ein.<\/td>\n<td style=\"width: 684.5px; vertical-align: middle; border-style: none; height: 237px;\">\n<h4><img loading=\"lazy\" decoding=\"async\" class=\"alignnone size-medium wp-image-994\" src=\"https:\/\/www.ubv-kaufering.de\/neu\/wp-content\/uploads\/2026\/02\/Ehrenamtsbild-300x200.png\" alt=\"\" width=\"300\" height=\"200\" srcset=\"https:\/\/www.ubv-kaufering.de\/neu\/wp-content\/uploads\/2026\/02\/Ehrenamtsbild-300x200.png 300w, https:\/\/www.ubv-kaufering.de\/neu\/wp-content\/uploads\/2026\/02\/Ehrenamtsbild-1024x683.png 1024w, https:\/\/www.ubv-kaufering.de\/neu\/wp-content\/uploads\/2026\/02\/Ehrenamtsbild-768x512.png 768w, https:\/\/www.ubv-kaufering.de\/neu\/wp-content\/uploads\/2026\/02\/Ehrenamtsbild-90x60.png 90w, https:\/\/www.ubv-kaufering.de\/neu\/wp-content\/uploads\/2026\/02\/Ehrenamtsbild.png 1536w\" sizes=\"auto, (max-width: 300px) 100vw, 300px\" \/><\/h4>\n<\/td>\n<\/tr>\n<\/tbody>\n<\/table>\n<h4><\/h4>\n<h4>Zukunft gestalten<\/h4>\n<table style=\"width: 100%; border-collapse: collapse; border-style: none;\">\n<tbody>\n<tr>\n<td style=\"width: 684.5px; border-style: none; vertical-align: middle;\"><img loading=\"lazy\" decoding=\"async\" class=\"alignnone size-medium wp-image-991\" src=\"https:\/\/www.ubv-kaufering.de\/neu\/wp-content\/uploads\/2026\/02\/200521_190519_IMG_1768-300x200.jpg\" alt=\"\" width=\"300\" height=\"200\" srcset=\"https:\/\/www.ubv-kaufering.de\/neu\/wp-content\/uploads\/2026\/02\/200521_190519_IMG_1768-300x200.jpg 300w, https:\/\/www.ubv-kaufering.de\/neu\/wp-content\/uploads\/2026\/02\/200521_190519_IMG_1768-1024x683.jpg 1024w, https:\/\/www.ubv-kaufering.de\/neu\/wp-content\/uploads\/2026\/02\/200521_190519_IMG_1768-768x512.jpg 768w, https:\/\/www.ubv-kaufering.de\/neu\/wp-content\/uploads\/2026\/02\/200521_190519_IMG_1768-1536x1024.jpg 1536w, https:\/\/www.ubv-kaufering.de\/neu\/wp-content\/uploads\/2026\/02\/200521_190519_IMG_1768-2048x1365.jpg 2048w, https:\/\/www.ubv-kaufering.de\/neu\/wp-content\/uploads\/2026\/02\/200521_190519_IMG_1768-90x60.jpg 90w\" sizes=\"auto, (max-width: 300px) 100vw, 300px\" \/><\/td>\n<td style=\"width: 684.5px; border-style: none; vertical-align: top;\"><strong>Wir wissen<\/strong> um die klima- und umweltpolitischen Herausforderungen. Klima- und \u00adUmweltschutz beginnen vor Ort.<\/p>\n<p><strong>Wir wollen<\/strong> den Ausbau regene\u00adrativer Energien und einer \u00f6kologisch orientierten Infrastruktur voranbringen. Dazu m\u00fcssen die Kommunalwerke und das Fernw\u00e4rmenetz in Kaufering nachhaltig und zukunftssicher ausgebaut werden.<\/td>\n<\/tr>\n<\/tbody>\n<\/table>\n<h4><\/h4>\n<h4>Mit Herz f\u00fcr Kaufering<\/h4>\n<table style=\"width: 100%; border-collapse: collapse; border-style: none; height: 237px;\">\n<tbody>\n<tr style=\"height: 237px;\">\n<td style=\"width: 684.5px; vertical-align: top; border-style: none; height: 237px;\"><strong>Wir wissen<\/strong> um die Herausforderungen des demografischen \u00adWandels. Jede Generation hat ihre speziellen Bed\u00fcrfnisse und W\u00fcnsche.<\/p>\n<p><strong>Wir wollen<\/strong> ein lebenswertes Kaufering f\u00fcr alle Generationen: mehr Beteiligung engagierter Menschen jeden Alters, zeitgem\u00e4\u00dfe Bildungs- und Betreuungsangebote sowie vielf\u00e4ltige Freizeitm\u00f6glichkeiten vor Ort f\u00fcr jede Lebensphase.<\/td>\n<td style=\"width: 684.5px; vertical-align: middle; border-style: none; height: 237px;\">\n<h4><img loading=\"lazy\" decoding=\"async\" class=\"alignnone size-medium wp-image-996\" src=\"https:\/\/www.ubv-kaufering.de\/neu\/wp-content\/uploads\/2026\/02\/Herz_fuer_Kaufering-300x200.png\" alt=\"\" width=\"300\" height=\"200\" srcset=\"https:\/\/www.ubv-kaufering.de\/neu\/wp-content\/uploads\/2026\/02\/Herz_fuer_Kaufering-300x200.png 300w, https:\/\/www.ubv-kaufering.de\/neu\/wp-content\/uploads\/2026\/02\/Herz_fuer_Kaufering-1024x683.png 1024w, https:\/\/www.ubv-kaufering.de\/neu\/wp-content\/uploads\/2026\/02\/Herz_fuer_Kaufering-768x512.png 768w, https:\/\/www.ubv-kaufering.de\/neu\/wp-content\/uploads\/2026\/02\/Herz_fuer_Kaufering-90x60.png 90w, https:\/\/www.ubv-kaufering.de\/neu\/wp-content\/uploads\/2026\/02\/Herz_fuer_Kaufering.png 1536w\" sizes=\"auto, (max-width: 300px) 100vw, 300px\" \/><\/h4>\n<\/td>\n<\/tr>\n<\/tbody>\n<\/table>\n<p>&nbsp;<\/p>\n","protected":false},"excerpt":{"rendered":"<p>Liebe Mitb\u00fcrgerinnen und Mitb\u00fcrger, seit \u00fcber 35 Jahren engagiert sich die UBV politisch wie sozial f\u00fcr Kaufering. Dank Ihres Ver\u00adtrauens konnten wir die positive Entwicklung unserer Marktgemeinde feder\u00adf\u00fchrend mitgestalten. Mit den aktuellen Bewerbern \u00adwollen wir dieses Engagement f\u00fcr unseren Markt fortsetzen. Unsere Mannschaft ist eine Mischung aus kommunal-politisch erfahrenen Mandatstr\u00e4gern, politisch interessierten B\u00fcrgern und motivierten &hellip; <\/p>\n","protected":false},"author":1,"featured_media":0,"parent":2,"menu_order":0,"comment_status":"closed","ping_status":"closed","template":"","meta":{"footnotes":""},"class_list":["post-39","page","type-page","status-publish","hentry","latest_post"],"_links":{"self":[{"href":"https:\/\/www.ubv-kaufering.de\/neu\/wp-json\/wp\/v2\/pages\/39","targetHints":{"allow":["GET"]}}],"collection":[{"href":"https:\/\/www.ubv-kaufering.de\/neu\/wp-json\/wp\/v2\/pages"}],"about":[{"href":"https:\/\/www.ubv-kaufering.de\/neu\/wp-json\/wp\/v2\/types\/page"}],"author":[{"embeddable":true,"href":"https:\/\/www.ubv-kaufering.de\/neu\/wp-json\/wp\/v2\/users\/1"}],"replies":[{"embeddable":true,"href":"https:\/\/www.ubv-kaufering.de\/neu\/wp-json\/wp\/v2\/comments?post=39"}],"version-history":[{"count":11,"href":"https:\/\/www.ubv-kaufering.de\/neu\/wp-json\/wp\/v2\/pages\/39\/revisions"}],"predecessor-version":[{"id":997,"href":"https:\/\/www.ubv-kaufering.de\/neu\/wp-json\/wp\/v2\/pages\/39\/revisions\/997"}],"up":[{"embeddable":true,"href":"https:\/\/www.ubv-kaufering.de\/neu\/wp-json\/wp\/v2\/pages\/2"}],"wp:attachment":[{"href":"https:\/\/www.ubv-kaufering.de\/neu\/wp-json\/wp\/v2\/media?parent=39"}],"curies":[{"name":"wp","href":"https:\/\/api.w.org\/{rel}","templated":true}]}}