{"id":525,"date":"2019-11-08T14:46:08","date_gmt":"2019-11-08T13:46:08","guid":{"rendered":"http:\/\/www.ubv-kaufering.de\/neu\/?page_id=525"},"modified":"2026-02-05T08:46:02","modified_gmt":"2026-02-05T07:46:02","slug":"politik-persoenlich","status":"publish","type":"page","link":"https:\/\/www.ubv-kaufering.de\/neu\/politik-persoenlich\/","title":{"rendered":"Politik Pers\u00f6nlich"},"content":{"rendered":"<p>Werter Besucher, auf dieser Seite berichten wir \u00fcber unsere monatlichen Veranstaltungen, \u00fcber Projekte, die wir f\u00fcr Kaufering umgesetzt haben und \u00fcber unsere Spendenaktionen.<br \/>\nGerne w\u00fcrden wir Sie auch pers\u00f6nlich zu unserem \u201cStammtisch mit B\u00fcrgerdialog\u201c begr\u00fc\u00dfen. Dazu brauchen Sie kein Mitglied der UBV zu sein.<br \/>\nDie Ank\u00fcndigungen zu den Veranstaltungsterminen mit den jeweiligen Themen finden Sie auf unserer Facebookseite und in der Presse.<br \/>\nSie haben schon W\u00fcnsche und Anregungen? Dann schreiben Sie uns. Die Schaltfl\u00e4che \u201cB\u00fcrgerdialog\u201c auf der Startseite ist Ihr direkter Draht daf\u00fcr.<\/p>\n<ul>\n<li><a href=\"https:\/\/www.ubv-kaufering.de\/neu\/buergerdialog\/\">B\u00fcrgerdialog<\/a><\/li>\n<li><a href=\"https:\/\/www.ubv-kaufering.de\/neu\/projekte-und-spendenaktionen\/\">Projekte und Spendenaktionen<\/a><\/li>\n<\/ul>\n","protected":false},"excerpt":{"rendered":"<p>Werter Besucher, auf dieser Seite berichten wir \u00fcber unsere monatlichen Veranstaltungen, \u00fcber Projekte, die wir f\u00fcr Kaufering umgesetzt haben und \u00fcber unsere Spendenaktionen. Gerne w\u00fcrden wir Sie auch pers\u00f6nlich zu unserem \u201cStammtisch mit B\u00fcrgerdialog\u201c begr\u00fc\u00dfen. Dazu brauchen Sie kein Mitglied der UBV zu sein. Die Ank\u00fcndigungen zu den Veranstaltungsterminen mit den jeweiligen Themen finden Sie &hellip; <\/p>\n","protected":false},"author":1,"featured_media":0,"parent":0,"menu_order":0,"comment_status":"closed","ping_status":"closed","template":"","meta":{"footnotes":""},"class_list":["post-525","page","type-page","status-publish","hentry","latest_post"],"_links":{"self":[{"href":"https:\/\/www.ubv-kaufering.de\/neu\/wp-json\/wp\/v2\/pages\/525","targetHints":{"allow":["GET"]}}],"collection":[{"href":"https:\/\/www.ubv-kaufering.de\/neu\/wp-json\/wp\/v2\/pages"}],"about":[{"href":"https:\/\/www.ubv-kaufering.de\/neu\/wp-json\/wp\/v2\/types\/page"}],"author":[{"embeddable":true,"href":"https:\/\/www.ubv-kaufering.de\/neu\/wp-json\/wp\/v2\/users\/1"}],"replies":[{"embeddable":true,"href":"https:\/\/www.ubv-kaufering.de\/neu\/wp-json\/wp\/v2\/comments?post=525"}],"version-history":[{"count":10,"href":"https:\/\/www.ubv-kaufering.de\/neu\/wp-json\/wp\/v2\/pages\/525\/revisions"}],"predecessor-version":[{"id":986,"href":"https:\/\/www.ubv-kaufering.de\/neu\/wp-json\/wp\/v2\/pages\/525\/revisions\/986"}],"wp:attachment":[{"href":"https:\/\/www.ubv-kaufering.de\/neu\/wp-json\/wp\/v2\/media?parent=525"}],"curies":[{"name":"wp","href":"https:\/\/api.w.org\/{rel}","templated":true}]}}