{"id":585,"date":"2019-11-15T11:44:39","date_gmt":"2019-11-15T10:44:39","guid":{"rendered":"http:\/\/www.ubv-kaufering.de\/neu\/?page_id=585"},"modified":"2020-02-18T10:20:43","modified_gmt":"2020-02-18T09:20:43","slug":"projekte-und-spendenaktionen","status":"publish","type":"page","link":"https:\/\/www.ubv-kaufering.de\/neu\/politik-persoenlich\/projekte-und-spendenaktionen\/","title":{"rendered":"Projekte und Spendenaktionen"},"content":{"rendered":"<p>Hier finden Sie eine \u00dcbersicht \u00fcber die vergangenen Projekte und Spendenaktionen der UBV-Kaufering:<\/p>\n<ul>\n<li><a href=\"https:\/\/www.ubv-kaufering.de\/neu\/projekte-und-spendenaktionen\/erloes-des-adventsmarktes-2019-gespendet\/\">Januar 2020 &#8211; Erl\u00f6s des Adventsmarktes 2019 gespendet<\/a><\/li>\n<li><a href=\"https:\/\/www.ubv-kaufering.de\/neu\/projekte-und-spendenaktionen\/markt-dorfverein-und-ubv-sorgen-fuer-eine-wiederbelebung-des-grillplatzes\/\">September 2019 &#8211; Markt, Dorfverein und UBV sorgen f\u00fcr eine Wiederbelebung des Grillplatzes<\/a><\/li>\n<\/ul>\n","protected":false},"excerpt":{"rendered":"<p>Hier finden Sie eine \u00dcbersicht \u00fcber die vergangenen Projekte und Spendenaktionen der UBV-Kaufering: Januar 2020 &#8211; Erl\u00f6s des Adventsmarktes 2019 gespendet September 2019 &#8211; Markt, Dorfverein und UBV sorgen f\u00fcr eine Wiederbelebung des Grillplatzes<\/p>\n","protected":false},"author":1,"featured_media":0,"parent":525,"menu_order":0,"comment_status":"closed","ping_status":"closed","template":"","meta":{"footnotes":""},"class_list":["post-585","page","type-page","status-publish","hentry","latest_post"],"_links":{"self":[{"href":"https:\/\/www.ubv-kaufering.de\/neu\/wp-json\/wp\/v2\/pages\/585","targetHints":{"allow":["GET"]}}],"collection":[{"href":"https:\/\/www.ubv-kaufering.de\/neu\/wp-json\/wp\/v2\/pages"}],"about":[{"href":"https:\/\/www.ubv-kaufering.de\/neu\/wp-json\/wp\/v2\/types\/page"}],"author":[{"embeddable":true,"href":"https:\/\/www.ubv-kaufering.de\/neu\/wp-json\/wp\/v2\/users\/1"}],"replies":[{"embeddable":true,"href":"https:\/\/www.ubv-kaufering.de\/neu\/wp-json\/wp\/v2\/comments?post=585"}],"version-history":[{"count":6,"href":"https:\/\/www.ubv-kaufering.de\/neu\/wp-json\/wp\/v2\/pages\/585\/revisions"}],"predecessor-version":[{"id":738,"href":"https:\/\/www.ubv-kaufering.de\/neu\/wp-json\/wp\/v2\/pages\/585\/revisions\/738"}],"up":[{"embeddable":true,"href":"https:\/\/www.ubv-kaufering.de\/neu\/wp-json\/wp\/v2\/pages\/525"}],"wp:attachment":[{"href":"https:\/\/www.ubv-kaufering.de\/neu\/wp-json\/wp\/v2\/media?parent=585"}],"curies":[{"name":"wp","href":"https:\/\/api.w.org\/{rel}","templated":true}]}}