{"id":724,"date":"2020-02-18T10:04:56","date_gmt":"2020-02-18T09:04:56","guid":{"rendered":"https:\/\/www.ubv-kaufering.de\/neu\/?page_id=724"},"modified":"2020-02-18T10:04:56","modified_gmt":"2020-02-18T09:04:56","slug":"markt-dorfverein-und-ubv-sorgen-fuer-eine-wiederbelebung-des-grillplatzes","status":"publish","type":"page","link":"https:\/\/www.ubv-kaufering.de\/neu\/politik-persoenlich\/projekte-und-spendenaktionen\/markt-dorfverein-und-ubv-sorgen-fuer-eine-wiederbelebung-des-grillplatzes\/","title":{"rendered":"Markt, Dorfverein und UBV sorgen f\u00fcr eine Wiederbelebung des Grillplatzes"},"content":{"rendered":"\r\n<p><img loading=\"lazy\" decoding=\"async\" class=\"size-medium wp-image-727 aligncenter\" src=\"https:\/\/www.ubv-kaufering.de\/neu\/wp-content\/uploads\/2020\/02\/Grillplatz-300x185.png\" alt=\"\" width=\"300\" height=\"185\" srcset=\"https:\/\/www.ubv-kaufering.de\/neu\/wp-content\/uploads\/2020\/02\/Grillplatz-300x185.png 300w, https:\/\/www.ubv-kaufering.de\/neu\/wp-content\/uploads\/2020\/02\/Grillplatz-97x60.png 97w, https:\/\/www.ubv-kaufering.de\/neu\/wp-content\/uploads\/2020\/02\/Grillplatz.png 682w\" sizes=\"auto, (max-width: 300px) 100vw, 300px\" \/><\/p>\r\n<p>Laut einer Studie ist das Grillen die beliebteste Sommeraktivit\u00e4t der Deutschen. Ab diesem Sommer kann das gemeinsame Zubereiten und Genie\u00dfen von hei\u00dfen Speisen auch wieder auf dem Grillplatz der Marktgemeinde stattfinden. Mit finanzieller Unterst\u00fctzung vom Markt und einer Spende der UBVGemeinder\u00e4te hat der Dorfverein Alt Kaufering den Grillplatz hinter dem Vereinsstadl am Lechtalbad wiederhergerichtet und noch einen sch\u00f6nen neuen Grill organisiert. Konstruiert und hergestellt wurde der Schwenkgrill von Metallbau Reiter in Kaufering. Das Gestell bestehend aus Eisen und dem runden Rost mit 1 Meter Durchmesser aus Edelstahlteilen, d\u00fcrfte auch f\u00fcr gr\u00f6\u00dfere Grillfeiern gen\u00fcgend Platz<br \/>bieten. Grillplatz und Schwenkgrill k\u00f6nnen \u00fcber das Rathaus unter der Telefonnummer: 08191-664-104 reserviert werden. Herr Josef Frigl vom Dorfverein, der das \u201cGrillplatz-Projekt\u201c organisiert hat, \u00fcbernimmt zudem die \u00dcbergabe und R\u00fccknahme des Grills und macht bei Bedarf auch die<br \/>\u00dcberdachung des Vereinsstadls zug\u00e4nglich. Toiletten befinden sich im angrenzenden Jugendheim. Der Markt w\u00fcnscht viel Spa\u00df mit dem neuen Angebot.<\/p>\r\n","protected":false},"excerpt":{"rendered":"<p>Laut einer Studie ist das Grillen die beliebteste Sommeraktivit\u00e4t der Deutschen. Ab diesem Sommer kann das gemeinsame Zubereiten und Genie\u00dfen von hei\u00dfen Speisen auch wieder auf dem Grillplatz der Marktgemeinde stattfinden. Mit finanzieller Unterst\u00fctzung vom Markt und einer Spende der UBVGemeinder\u00e4te hat der Dorfverein Alt Kaufering den Grillplatz hinter dem Vereinsstadl am Lechtalbad wiederhergerichtet und &hellip; <\/p>\n","protected":false},"author":2,"featured_media":0,"parent":585,"menu_order":0,"comment_status":"closed","ping_status":"closed","template":"","meta":{"footnotes":""},"class_list":["post-724","page","type-page","status-publish","hentry","latest_post"],"_links":{"self":[{"href":"https:\/\/www.ubv-kaufering.de\/neu\/wp-json\/wp\/v2\/pages\/724","targetHints":{"allow":["GET"]}}],"collection":[{"href":"https:\/\/www.ubv-kaufering.de\/neu\/wp-json\/wp\/v2\/pages"}],"about":[{"href":"https:\/\/www.ubv-kaufering.de\/neu\/wp-json\/wp\/v2\/types\/page"}],"author":[{"embeddable":true,"href":"https:\/\/www.ubv-kaufering.de\/neu\/wp-json\/wp\/v2\/users\/2"}],"replies":[{"embeddable":true,"href":"https:\/\/www.ubv-kaufering.de\/neu\/wp-json\/wp\/v2\/comments?post=724"}],"version-history":[{"count":3,"href":"https:\/\/www.ubv-kaufering.de\/neu\/wp-json\/wp\/v2\/pages\/724\/revisions"}],"predecessor-version":[{"id":728,"href":"https:\/\/www.ubv-kaufering.de\/neu\/wp-json\/wp\/v2\/pages\/724\/revisions\/728"}],"up":[{"embeddable":true,"href":"https:\/\/www.ubv-kaufering.de\/neu\/wp-json\/wp\/v2\/pages\/585"}],"wp:attachment":[{"href":"https:\/\/www.ubv-kaufering.de\/neu\/wp-json\/wp\/v2\/media?parent=724"}],"curies":[{"name":"wp","href":"https:\/\/api.w.org\/{rel}","templated":true}]}}