{"id":733,"date":"2020-02-18T10:12:36","date_gmt":"2020-02-18T09:12:36","guid":{"rendered":"https:\/\/www.ubv-kaufering.de\/neu\/?page_id=733"},"modified":"2020-02-18T10:12:36","modified_gmt":"2020-02-18T09:12:36","slug":"erloes-des-adventsmarktes-2019-gespendet","status":"publish","type":"page","link":"https:\/\/www.ubv-kaufering.de\/neu\/politik-persoenlich\/projekte-und-spendenaktionen\/erloes-des-adventsmarktes-2019-gespendet\/","title":{"rendered":"Erl\u00f6s des Adventsmarktes 2019 gespendet"},"content":{"rendered":"<p><img loading=\"lazy\" decoding=\"async\" class=\"size-medium wp-image-735 aligncenter\" src=\"https:\/\/www.ubv-kaufering.de\/neu\/wp-content\/uploads\/2020\/02\/Spende_Jugendfeuerwehr-300x203.png\" alt=\"\" width=\"300\" height=\"203\" srcset=\"https:\/\/www.ubv-kaufering.de\/neu\/wp-content\/uploads\/2020\/02\/Spende_Jugendfeuerwehr-300x203.png 300w, https:\/\/www.ubv-kaufering.de\/neu\/wp-content\/uploads\/2020\/02\/Spende_Jugendfeuerwehr-89x60.png 89w, https:\/\/www.ubv-kaufering.de\/neu\/wp-content\/uploads\/2020\/02\/Spende_Jugendfeuerwehr.png 602w\" sizes=\"auto, (max-width: 300px) 100vw, 300px\" \/><\/p>\n<p>Auch dieses Jahr spendeten wir wieder unseren Erl\u00f6s vom Adventsmarkt und \u00fcberreichten einen Scheck in H\u00f6he von 816,- \u20ac an die Jugendfeuerwehr Kaufering nach der Jahreshauptversammlung der aktiven Mannschaft der Feuerwehr. Unser Erl\u00f6s in H\u00f6he von 816 Euro war der h\u00f6chste Spendenbeitrag aller Parteien, die im Rahmen des Adventsmarktes gespendet werden konnte. Vielen Dank an alle G\u00e4ste unseres Standes, nur so konnten wir einen derart hohen Erl\u00f6s an die Jugendfeuerwehr spenden.<\/p>\n","protected":false},"excerpt":{"rendered":"<p>Auch dieses Jahr spendeten wir wieder unseren Erl\u00f6s vom Adventsmarkt und \u00fcberreichten einen Scheck in H\u00f6he von 816,- \u20ac an die Jugendfeuerwehr Kaufering nach der Jahreshauptversammlung der aktiven Mannschaft der Feuerwehr. Unser Erl\u00f6s in H\u00f6he von 816 Euro war der h\u00f6chste Spendenbeitrag aller Parteien, die im Rahmen des Adventsmarktes gespendet werden konnte. Vielen Dank an &hellip; <\/p>\n","protected":false},"author":2,"featured_media":0,"parent":585,"menu_order":0,"comment_status":"closed","ping_status":"closed","template":"","meta":{"footnotes":""},"class_list":["post-733","page","type-page","status-publish","hentry","latest_post"],"_links":{"self":[{"href":"https:\/\/www.ubv-kaufering.de\/neu\/wp-json\/wp\/v2\/pages\/733","targetHints":{"allow":["GET"]}}],"collection":[{"href":"https:\/\/www.ubv-kaufering.de\/neu\/wp-json\/wp\/v2\/pages"}],"about":[{"href":"https:\/\/www.ubv-kaufering.de\/neu\/wp-json\/wp\/v2\/types\/page"}],"author":[{"embeddable":true,"href":"https:\/\/www.ubv-kaufering.de\/neu\/wp-json\/wp\/v2\/users\/2"}],"replies":[{"embeddable":true,"href":"https:\/\/www.ubv-kaufering.de\/neu\/wp-json\/wp\/v2\/comments?post=733"}],"version-history":[{"count":2,"href":"https:\/\/www.ubv-kaufering.de\/neu\/wp-json\/wp\/v2\/pages\/733\/revisions"}],"predecessor-version":[{"id":736,"href":"https:\/\/www.ubv-kaufering.de\/neu\/wp-json\/wp\/v2\/pages\/733\/revisions\/736"}],"up":[{"embeddable":true,"href":"https:\/\/www.ubv-kaufering.de\/neu\/wp-json\/wp\/v2\/pages\/585"}],"wp:attachment":[{"href":"https:\/\/www.ubv-kaufering.de\/neu\/wp-json\/wp\/v2\/media?parent=733"}],"curies":[{"name":"wp","href":"https:\/\/api.w.org\/{rel}","templated":true}]}}