{"id":812,"date":"2025-02-24T16:16:27","date_gmt":"2025-02-24T15:16:27","guid":{"rendered":"https:\/\/www.ubv-kaufering.de\/neu\/?page_id=812"},"modified":"2025-02-24T16:16:27","modified_gmt":"2025-02-24T15:16:27","slug":"antrag-der-ubv-ausstattung-der-gemeindeeigenen-mietwohnungen-im-baugebiet-lechwiesen-v-mit-einbaukuechen","status":"publish","type":"page","link":"https:\/\/www.ubv-kaufering.de\/neu\/politik-persoenlich\/aus-dem-rat\/antrag-der-ubv-ausstattung-der-gemeindeeigenen-mietwohnungen-im-baugebiet-lechwiesen-v-mit-einbaukuechen\/","title":{"rendered":"Antrag der UBV: Ausstattung der gemeindeeigenen Mietwohnungen im Baugebiet Lechwiesen V mit Einbauk\u00fcchen"},"content":{"rendered":"<p>Hier im Wortlaut unser Antrag vom 13.02.2025:<\/p>\n<p>Sehr geehrter Herr 1. B\u00fcrgermeister Salzberger,<br \/>\nSehr geehrte Kolleg:innen des Marktgemeinderates,<\/p>\n<p>der Markt Kaufering schafft mit den 120 gef\u00f6rderten Wohnungen im Baugebiet Lechwiesen V dringend ben\u00f6tigten Wohnraum Bei den Vorgaben f\u00fcr den Architektenwettbewerb zur Gestaltung dieses Wohngebietes hat der Marktgemeinderat mit dem Wunsch eine moderne und \u00f6kologische Holz-Hybridbauweise, begr\u00fcnte Dachfl\u00e4chen sowie PV-Anlagen und eine gro\u00dfz\u00fcgige Gestaltung von Gemeinschaftsfl\u00e4chen im Au\u00dfenbereich umzusetzen, die Grundlage f\u00fcr ein kommunales Vorzeigeprojekt gelegt.<\/p>\n<p>Im April soll das Bewerbungsverfahren beginnen und im November die ersten Einz\u00fcge stattfinden. Das Projekt richtet sich an Einzelpersonen und Familien die vorrangig bereits in Kaufering wohnen. Bei der Vergabe dieser zu verg\u00fcnstigten Mietpreisen angebotenen Wohnungen sollen insbesondere soziale Aspekte ber\u00fccksichtigt werden. Genau hier setzt unser Vorschlag an. Bisher ist es nicht vorgesehen diese Mietwohnungen bautr\u00e4gerseitig mit einer Einbauk\u00fcche auszustatten. Das birgt aus unserer Sicht zwei Probleme bzw. Risiken. Wir glauben, dass sich viele potenziellen Mieter schwertun werden, ca. 5000\u20ac in eine neue K\u00fcche zu investieren. Auch die Kosten f\u00fcr den professionellen Einbau durch einen Fachmann werden sich viele sparen m\u00fcssen. Die Erfahrungen zweier ortsans\u00e4ssiger Betriebe, die selbst \u00fcber Mitarbeiterwohnungen verf\u00fcgen, haben gezeigt, dass die Vermietung von Wohnungen mit Einbauk\u00fcche das Risiko von Wassersch\u00e4den durch unsachgem\u00e4\u00dfen Anschluss von Sp\u00fclbecken und Sp\u00fclmaschine erheblich reduziert. Auch der Umstand, dass Mieterwechsel heute sehr viel h\u00e4ufiger stattfinden und damit bei jedem Ein- und Auszug das Risiko von Sch\u00e4den an der Wohnungssubstanz zunehmen, sind ein gewichtiges Argument f\u00fcr bauseitige Einbauk\u00fcchen.<\/p>\n<p>Ein weiterer Aspekt ist die Vorgabe, dass der Starkstromanschluss des Herdes nur von einem Fachmann durchgef\u00fchrt werden darf, und dass nur der zwingende Einbau einer Dunstabzugshaube mit Abluft zum Werterhalt der Wohnungen beitr\u00e4gt. Schlussendlich sei daran erinnert, dass das Wohnungsbauprojekt im Schmucker-Areal in Utting, das uns als Vorbild f\u00fcr unser Bauprojekt diente, ebenfalls mit Einbauk\u00fcchen ausgestattet ist.<\/p>\n<p>Mit dem Wissen um die angespannt Finanzsituation des Marktes stellen wir zun\u00e4chst einen Pr\u00fcfauftrag f\u00fcr die Verwaltung zur Abstimmung.<\/p>\n<p><strong>Beschlussvorschlag:<\/strong><\/p>\n<p>Der Marktgemeinderat beauftragt die Verwaltung:<\/p>\n<ul>\n<li>mit der Einholung von Angeboten f\u00fcr Einbauk\u00fcchen,<\/li>\n<li>mit der Pr\u00fcfung, wie deren Vorfinanzierung durch den Markt \u00fcber eine Anpassung der Miete (mit einer angemessen Abschreibungszeit) refinanziert werden kann,<\/li>\n<li>mit der Erstellung einer Abfrage bei den Bewerben, ob diese die Wohnung lieber mit oder ohne Einbauk\u00fcche anmieten wollen unter Ausweisung der Zusatzkosten,<\/li>\n<li>zu pr\u00fcfen, ob im Falle einer mieterseitig vorhandenen K\u00fcche der fachgerechte K\u00fccheneinbau incl. Dunstabzugshaube vertraglich geregelt werden kann,<\/li>\n<li>dem Gemeinderat zeitgerecht eine oder mehrere Optionen zur Umsetzung zur Abstimmung vorzulegen.<\/li>\n<\/ul>\n","protected":false},"excerpt":{"rendered":"<p>Hier im Wortlaut unser Antrag vom 13.02.2025: Sehr geehrter Herr 1. B\u00fcrgermeister Salzberger, Sehr geehrte Kolleg:innen des Marktgemeinderates, der Markt Kaufering schafft mit den 120 gef\u00f6rderten Wohnungen im Baugebiet Lechwiesen V dringend ben\u00f6tigten Wohnraum Bei den Vorgaben f\u00fcr den Architektenwettbewerb zur Gestaltung dieses Wohngebietes hat der Marktgemeinderat mit dem Wunsch eine moderne und \u00f6kologische Holz-Hybridbauweise, &hellip; <\/p>\n","protected":false},"author":2,"featured_media":0,"parent":771,"menu_order":0,"comment_status":"closed","ping_status":"closed","template":"","meta":{"footnotes":""},"class_list":["post-812","page","type-page","status-publish","hentry","latest_post"],"_links":{"self":[{"href":"https:\/\/www.ubv-kaufering.de\/neu\/wp-json\/wp\/v2\/pages\/812","targetHints":{"allow":["GET"]}}],"collection":[{"href":"https:\/\/www.ubv-kaufering.de\/neu\/wp-json\/wp\/v2\/pages"}],"about":[{"href":"https:\/\/www.ubv-kaufering.de\/neu\/wp-json\/wp\/v2\/types\/page"}],"author":[{"embeddable":true,"href":"https:\/\/www.ubv-kaufering.de\/neu\/wp-json\/wp\/v2\/users\/2"}],"replies":[{"embeddable":true,"href":"https:\/\/www.ubv-kaufering.de\/neu\/wp-json\/wp\/v2\/comments?post=812"}],"version-history":[{"count":1,"href":"https:\/\/www.ubv-kaufering.de\/neu\/wp-json\/wp\/v2\/pages\/812\/revisions"}],"predecessor-version":[{"id":813,"href":"https:\/\/www.ubv-kaufering.de\/neu\/wp-json\/wp\/v2\/pages\/812\/revisions\/813"}],"up":[{"embeddable":true,"href":"https:\/\/www.ubv-kaufering.de\/neu\/wp-json\/wp\/v2\/pages\/771"}],"wp:attachment":[{"href":"https:\/\/www.ubv-kaufering.de\/neu\/wp-json\/wp\/v2\/media?parent=812"}],"curies":[{"name":"wp","href":"https:\/\/api.w.org\/{rel}","templated":true}]}}