{"id":816,"date":"2025-02-24T16:29:46","date_gmt":"2025-02-24T15:29:46","guid":{"rendered":"https:\/\/www.ubv-kaufering.de\/neu\/?page_id=816"},"modified":"2025-02-24T16:29:47","modified_gmt":"2025-02-24T15:29:47","slug":"antrag-der-ubv-antrag-bezueglich-sanierungsmassnahmen-feuerwehrhaus","status":"publish","type":"page","link":"https:\/\/www.ubv-kaufering.de\/neu\/politik-persoenlich\/aus-dem-rat\/antrag-der-ubv-antrag-bezueglich-sanierungsmassnahmen-feuerwehrhaus\/","title":{"rendered":"Antrag der UBV: Antrag bez\u00fcglich Sanierungsma\u00dfnahmen Feuerwehrhaus"},"content":{"rendered":"<p>Hier im Wortlaut unser Antrag vom 24.02.2024:<\/p>\n<p>Sehr geehrter Herr B\u00fcrgermeister Salzberger,<br \/>\nSehr geehrte Kolleg:innen des Marktgemeinderates,<\/p>\n<p>durch die Verschiebung des Neubaus Feuerwehrhaus werden diverse Ma\u00dfnahmen am derzeitigen Feuerwehrhaus notwendig. Um hier nicht viele kleine Ma\u00dfnahmen umzusetzen, sehen wir es als sinnvoll an, dass nach dem bereits angek\u00fcndigten Besuchstermin der KUVB ein Ma\u00dfnahmenkatalog durch die Verwaltung erstellt wird, die Kosten genau beziffert werden, und dieser Ma\u00dfnahmenkatalog dann durch den Marktgemeinderat beschlossen wird. Gerade im Hinblick auf die Gesamtma\u00dfnahmen gehen wir auch davon aus, dass hier das Budget des 1. B\u00fcrgermeisters \u00fcberschritten wird und eine Abstimmung im Gremium sowieso erfolgen muss. In diesem Zuge m\u00f6chten wir darum bitten, dass Einzelma\u00dfnahmen, soweit Sie nicht der unmittelbaren, dringenden Gefahrenabwehr unterliegen, erst nach Vorlage des Ma\u00dfnahmenkataloges begonnen werden.<\/p>\n<p><strong>Beschlussvorschlag:<\/strong><\/p>\n<p><strong>Dem Marktgemeinderat wird ein Gesamtma\u00dfnahmenkatalog inklusive der Kosten f\u00fcr die Ma\u00dfnahmen vorgelegt. Erst nach Abstimmung der Gesamtma\u00dfnahmen im Gemeinderat d\u00fcrfen einzelne Ma\u00dfnahmen am derzeitigen Feuerwehrhaus durchgef\u00fchrt werden, soweit Sie nicht der unmittelbaren und dringenden Gef\u00e4hrdungsbeseitigung unterliegen und das B\u00fcrgermeisterbudget nicht \u00fcberschreiten.<\/strong><\/p>\n","protected":false},"excerpt":{"rendered":"<p>Hier im Wortlaut unser Antrag vom 24.02.2024: Sehr geehrter Herr B\u00fcrgermeister Salzberger, Sehr geehrte Kolleg:innen des Marktgemeinderates, durch die Verschiebung des Neubaus Feuerwehrhaus werden diverse Ma\u00dfnahmen am derzeitigen Feuerwehrhaus notwendig. Um hier nicht viele kleine Ma\u00dfnahmen umzusetzen, sehen wir es als sinnvoll an, dass nach dem bereits angek\u00fcndigten Besuchstermin der KUVB ein Ma\u00dfnahmenkatalog durch die &hellip; <\/p>\n","protected":false},"author":2,"featured_media":0,"parent":771,"menu_order":0,"comment_status":"closed","ping_status":"closed","template":"","meta":{"footnotes":""},"class_list":["post-816","page","type-page","status-publish","hentry","latest_post"],"_links":{"self":[{"href":"https:\/\/www.ubv-kaufering.de\/neu\/wp-json\/wp\/v2\/pages\/816","targetHints":{"allow":["GET"]}}],"collection":[{"href":"https:\/\/www.ubv-kaufering.de\/neu\/wp-json\/wp\/v2\/pages"}],"about":[{"href":"https:\/\/www.ubv-kaufering.de\/neu\/wp-json\/wp\/v2\/types\/page"}],"author":[{"embeddable":true,"href":"https:\/\/www.ubv-kaufering.de\/neu\/wp-json\/wp\/v2\/users\/2"}],"replies":[{"embeddable":true,"href":"https:\/\/www.ubv-kaufering.de\/neu\/wp-json\/wp\/v2\/comments?post=816"}],"version-history":[{"count":1,"href":"https:\/\/www.ubv-kaufering.de\/neu\/wp-json\/wp\/v2\/pages\/816\/revisions"}],"predecessor-version":[{"id":817,"href":"https:\/\/www.ubv-kaufering.de\/neu\/wp-json\/wp\/v2\/pages\/816\/revisions\/817"}],"up":[{"embeddable":true,"href":"https:\/\/www.ubv-kaufering.de\/neu\/wp-json\/wp\/v2\/pages\/771"}],"wp:attachment":[{"href":"https:\/\/www.ubv-kaufering.de\/neu\/wp-json\/wp\/v2\/media?parent=816"}],"curies":[{"name":"wp","href":"https:\/\/api.w.org\/{rel}","templated":true}]}}