{"id":845,"date":"2026-02-05T08:33:39","date_gmt":"2026-02-05T07:33:39","guid":{"rendered":"https:\/\/www.ubv-kaufering.de\/neu\/?page_id=845"},"modified":"2026-02-08T19:26:18","modified_gmt":"2026-02-08T18:26:18","slug":"kandidaten-kommunalwahl-2026","status":"publish","type":"page","link":"https:\/\/www.ubv-kaufering.de\/neu\/ueber-uns\/kandidaten-kommunalwahl-2026\/","title":{"rendered":"Kandidaten Kommunalwahl 2026"},"content":{"rendered":"<p>&nbsp;<\/p>\n<p style=\"text-align: center;\"><span style=\"font-size: 18pt;\">Unsere Kandidaten f\u00fcr den Marktgemeinderat Kaufering<\/span><\/p>\n<p><strong>114 Jahre Erfahrung. Ein starkes Team. Die beste Wahl.<\/strong><\/p>\n<p>Unsere aktuellen Kandidatinnen und Kandidaten vereinen 114 Jahre kommunalpolitische Erfahrung auf sich. Wir stehen damit f\u00fcr Kompetenz, Verl\u00e4sslichkeit und fundierte Entscheidungen f\u00fcr unsere Marktgemeinde und ihre Menschen.<\/p>\n<p>Wir sind ein altersm\u00e4\u00dfig gut gemischtes Team, das Erfahrung und neue Ideen verbindet. Mit hoher sozialer und gesellschaftlicher Kompetenz h\u00f6ren wir zu, packen an und \u00fcbernehmen Verantwortung.<\/p>\n<p>Dank eines breiten beruflichen Hintergrunds bringen wir unser Wissen aus vielen Lebens- und Arbeitsbereichen ein \u2013 praxisnah und l\u00f6sungsorientiert.<\/p>\n<p><strong>Erfahrung, Vielfalt und Engagement: Ein starkes Angebot f\u00fcr Kaufering!<\/strong><\/p>\n<table style=\"width: 100%; border-collapse: collapse; height: 3648px;\">\n<tbody>\n<tr style=\"height: 280px;\">\n<td style=\"width: 48%; text-align: left; vertical-align: top; height: 249px;\"><img loading=\"lazy\" decoding=\"async\" class=\"alignnone wp-image-969 size-full\" src=\"https:\/\/www.ubv-kaufering.de\/neu\/wp-content\/uploads\/2026\/02\/1_Kenzler_Sascha_Seite1.png\" alt=\"\" width=\"300\" height=\"371\" srcset=\"https:\/\/www.ubv-kaufering.de\/neu\/wp-content\/uploads\/2026\/02\/1_Kenzler_Sascha_Seite1.png 300w, https:\/\/www.ubv-kaufering.de\/neu\/wp-content\/uploads\/2026\/02\/1_Kenzler_Sascha_Seite1-243x300.png 243w, https:\/\/www.ubv-kaufering.de\/neu\/wp-content\/uploads\/2026\/02\/1_Kenzler_Sascha_Seite1-49x60.png 49w\" sizes=\"auto, (max-width: 300px) 100vw, 300px\" \/><\/p>\n<p>&nbsp;<\/td>\n<td style=\"height: 249px; width: 4.11125%;\"><\/td>\n<td style=\"width: 48%; text-align: left; vertical-align: top; height: 249px;\"><img loading=\"lazy\" decoding=\"async\" class=\"alignnone wp-image-972 size-full\" src=\"https:\/\/www.ubv-kaufering.de\/neu\/wp-content\/uploads\/2026\/02\/2_Dahme_Claudia_Seite1.png\" alt=\"\" width=\"300\" height=\"371\" srcset=\"https:\/\/www.ubv-kaufering.de\/neu\/wp-content\/uploads\/2026\/02\/2_Dahme_Claudia_Seite1.png 300w, https:\/\/www.ubv-kaufering.de\/neu\/wp-content\/uploads\/2026\/02\/2_Dahme_Claudia_Seite1-243x300.png 243w, https:\/\/www.ubv-kaufering.de\/neu\/wp-content\/uploads\/2026\/02\/2_Dahme_Claudia_Seite1-49x60.png 49w\" sizes=\"auto, (max-width: 300px) 100vw, 300px\" \/><\/p>\n<p>&nbsp;<\/td>\n<\/tr>\n<tr style=\"height: 280px;\">\n<td style=\"width: 48%; height: 21px; text-align: left; vertical-align: top;\"><img loading=\"lazy\" decoding=\"async\" class=\"alignnone wp-image-975 size-full\" src=\"https:\/\/www.ubv-kaufering.de\/neu\/wp-content\/uploads\/2026\/02\/3_Moedl_Bernhard_Seite1.png\" alt=\"\" width=\"300\" height=\"371\" srcset=\"https:\/\/www.ubv-kaufering.de\/neu\/wp-content\/uploads\/2026\/02\/3_Moedl_Bernhard_Seite1.png 300w, https:\/\/www.ubv-kaufering.de\/neu\/wp-content\/uploads\/2026\/02\/3_Moedl_Bernhard_Seite1-243x300.png 243w, https:\/\/www.ubv-kaufering.de\/neu\/wp-content\/uploads\/2026\/02\/3_Moedl_Bernhard_Seite1-49x60.png 49w\" sizes=\"auto, (max-width: 300px) 100vw, 300px\" \/><\/p>\n<p>&nbsp;<\/td>\n<td style=\"height: 21px; text-align: left; vertical-align: top; width: 4.11125%;\"><\/td>\n<td style=\"width: 48%; text-align: left; vertical-align: top; height: 21px;\"><img loading=\"lazy\" decoding=\"async\" class=\"alignnone wp-image-978 size-full\" src=\"https:\/\/www.ubv-kaufering.de\/neu\/wp-content\/uploads\/2026\/02\/4_Rietig_Markus_Seite1.png\" alt=\"\" width=\"300\" height=\"371\" srcset=\"https:\/\/www.ubv-kaufering.de\/neu\/wp-content\/uploads\/2026\/02\/4_Rietig_Markus_Seite1.png 300w, https:\/\/www.ubv-kaufering.de\/neu\/wp-content\/uploads\/2026\/02\/4_Rietig_Markus_Seite1-243x300.png 243w, https:\/\/www.ubv-kaufering.de\/neu\/wp-content\/uploads\/2026\/02\/4_Rietig_Markus_Seite1-49x60.png 49w\" sizes=\"auto, (max-width: 300px) 100vw, 300px\" \/><\/p>\n<p>&nbsp;<\/td>\n<\/tr>\n<tr style=\"height: 280px;\">\n<td style=\"width: 48%; text-align: left; vertical-align: top; height: 378px;\"><img loading=\"lazy\" decoding=\"async\" class=\"alignnone wp-image-917 size-full\" src=\"https:\/\/www.ubv-kaufering.de\/neu\/wp-content\/uploads\/2026\/02\/5_Hetzke_Oliver_Seite1.png\" alt=\"\" width=\"300\" height=\"371\" srcset=\"https:\/\/www.ubv-kaufering.de\/neu\/wp-content\/uploads\/2026\/02\/5_Hetzke_Oliver_Seite1.png 300w, https:\/\/www.ubv-kaufering.de\/neu\/wp-content\/uploads\/2026\/02\/5_Hetzke_Oliver_Seite1-243x300.png 243w, https:\/\/www.ubv-kaufering.de\/neu\/wp-content\/uploads\/2026\/02\/5_Hetzke_Oliver_Seite1-49x60.png 49w\" sizes=\"auto, (max-width: 300px) 100vw, 300px\" \/><\/p>\n<p>&nbsp;<\/td>\n<td style=\"text-align: left; vertical-align: top; width: 4.11125%; height: 378px;\"><\/td>\n<td style=\"width: 48%; text-align: left; vertical-align: top; height: 378px;\"><img loading=\"lazy\" decoding=\"async\" class=\"alignnone wp-image-920 size-full\" src=\"https:\/\/www.ubv-kaufering.de\/neu\/wp-content\/uploads\/2026\/02\/6_Hunger_Gabriele_Seite1.png\" alt=\"\" width=\"300\" height=\"371\" srcset=\"https:\/\/www.ubv-kaufering.de\/neu\/wp-content\/uploads\/2026\/02\/6_Hunger_Gabriele_Seite1.png 300w, https:\/\/www.ubv-kaufering.de\/neu\/wp-content\/uploads\/2026\/02\/6_Hunger_Gabriele_Seite1-243x300.png 243w, https:\/\/www.ubv-kaufering.de\/neu\/wp-content\/uploads\/2026\/02\/6_Hunger_Gabriele_Seite1-49x60.png 49w\" sizes=\"auto, (max-width: 300px) 100vw, 300px\" \/><\/p>\n<p>&nbsp;<\/td>\n<\/tr>\n<tr style=\"height: 280px;\">\n<td style=\"width: 48%; text-align: left; vertical-align: top; height: 378px;\"><img loading=\"lazy\" decoding=\"async\" class=\"alignnone wp-image-923 size-full\" src=\"https:\/\/www.ubv-kaufering.de\/neu\/wp-content\/uploads\/2026\/02\/7_Mayrock_Meinrad_Seite1.png\" alt=\"\" width=\"300\" height=\"371\" srcset=\"https:\/\/www.ubv-kaufering.de\/neu\/wp-content\/uploads\/2026\/02\/7_Mayrock_Meinrad_Seite1.png 300w, https:\/\/www.ubv-kaufering.de\/neu\/wp-content\/uploads\/2026\/02\/7_Mayrock_Meinrad_Seite1-243x300.png 243w, https:\/\/www.ubv-kaufering.de\/neu\/wp-content\/uploads\/2026\/02\/7_Mayrock_Meinrad_Seite1-49x60.png 49w\" sizes=\"auto, (max-width: 300px) 100vw, 300px\" \/><\/p>\n<p>&nbsp;<\/td>\n<td style=\"text-align: left; vertical-align: top; width: 4.11125%; height: 378px;\"><\/td>\n<td style=\"width: 48%; text-align: left; vertical-align: top; height: 378px;\"><img loading=\"lazy\" decoding=\"async\" class=\"alignnone wp-image-926 size-full\" src=\"https:\/\/www.ubv-kaufering.de\/neu\/wp-content\/uploads\/2026\/02\/8_Harbich_Thomas_Seite1.png\" alt=\"\" width=\"300\" height=\"371\" srcset=\"https:\/\/www.ubv-kaufering.de\/neu\/wp-content\/uploads\/2026\/02\/8_Harbich_Thomas_Seite1.png 300w, https:\/\/www.ubv-kaufering.de\/neu\/wp-content\/uploads\/2026\/02\/8_Harbich_Thomas_Seite1-243x300.png 243w, https:\/\/www.ubv-kaufering.de\/neu\/wp-content\/uploads\/2026\/02\/8_Harbich_Thomas_Seite1-49x60.png 49w\" sizes=\"auto, (max-width: 300px) 100vw, 300px\" \/><\/p>\n<p>&nbsp;<\/td>\n<\/tr>\n<tr style=\"height: 280px;\">\n<td style=\"width: 48%; text-align: left; vertical-align: top; height: 378px;\"><img loading=\"lazy\" decoding=\"async\" class=\"alignnone wp-image-929 size-full\" src=\"https:\/\/www.ubv-kaufering.de\/neu\/wp-content\/uploads\/2026\/02\/9_Dahme_Tobias_Seite1.png\" alt=\"\" width=\"300\" height=\"371\" srcset=\"https:\/\/www.ubv-kaufering.de\/neu\/wp-content\/uploads\/2026\/02\/9_Dahme_Tobias_Seite1.png 300w, https:\/\/www.ubv-kaufering.de\/neu\/wp-content\/uploads\/2026\/02\/9_Dahme_Tobias_Seite1-243x300.png 243w, https:\/\/www.ubv-kaufering.de\/neu\/wp-content\/uploads\/2026\/02\/9_Dahme_Tobias_Seite1-49x60.png 49w\" sizes=\"auto, (max-width: 300px) 100vw, 300px\" \/><\/p>\n<p>&nbsp;<\/td>\n<td style=\"text-align: left; vertical-align: top; width: 4.11125%; height: 378px;\"><\/td>\n<td style=\"width: 48%; text-align: left; vertical-align: top; height: 378px;\"><img loading=\"lazy\" decoding=\"async\" class=\"alignnone wp-image-932 size-full\" src=\"https:\/\/www.ubv-kaufering.de\/neu\/wp-content\/uploads\/2026\/02\/10_Jaeger_Melanie_Seite1.png\" alt=\"\" width=\"300\" height=\"371\" srcset=\"https:\/\/www.ubv-kaufering.de\/neu\/wp-content\/uploads\/2026\/02\/10_Jaeger_Melanie_Seite1.png 300w, https:\/\/www.ubv-kaufering.de\/neu\/wp-content\/uploads\/2026\/02\/10_Jaeger_Melanie_Seite1-243x300.png 243w, https:\/\/www.ubv-kaufering.de\/neu\/wp-content\/uploads\/2026\/02\/10_Jaeger_Melanie_Seite1-49x60.png 49w\" sizes=\"auto, (max-width: 300px) 100vw, 300px\" \/><\/p>\n<p>&nbsp;<\/td>\n<\/tr>\n<tr style=\"height: 280px;\">\n<td style=\"width: 48%; text-align: left; vertical-align: top; height: 378px;\"><img loading=\"lazy\" decoding=\"async\" class=\"alignnone wp-image-935 size-full\" src=\"https:\/\/www.ubv-kaufering.de\/neu\/wp-content\/uploads\/2026\/02\/11_Gold_Barbara_Seite1.png\" alt=\"\" width=\"300\" height=\"371\" srcset=\"https:\/\/www.ubv-kaufering.de\/neu\/wp-content\/uploads\/2026\/02\/11_Gold_Barbara_Seite1.png 300w, https:\/\/www.ubv-kaufering.de\/neu\/wp-content\/uploads\/2026\/02\/11_Gold_Barbara_Seite1-243x300.png 243w, https:\/\/www.ubv-kaufering.de\/neu\/wp-content\/uploads\/2026\/02\/11_Gold_Barbara_Seite1-49x60.png 49w\" sizes=\"auto, (max-width: 300px) 100vw, 300px\" \/><\/p>\n<p>&nbsp;<\/td>\n<td style=\"text-align: left; vertical-align: top; width: 4.11125%; height: 378px;\"><\/td>\n<td style=\"width: 48%; text-align: left; vertical-align: top; height: 378px;\"><img loading=\"lazy\" decoding=\"async\" class=\"alignnone wp-image-938 size-full\" src=\"https:\/\/www.ubv-kaufering.de\/neu\/wp-content\/uploads\/2026\/02\/12_Hobelsberger_Anna_Seite1.png\" alt=\"\" width=\"300\" height=\"371\" srcset=\"https:\/\/www.ubv-kaufering.de\/neu\/wp-content\/uploads\/2026\/02\/12_Hobelsberger_Anna_Seite1.png 300w, https:\/\/www.ubv-kaufering.de\/neu\/wp-content\/uploads\/2026\/02\/12_Hobelsberger_Anna_Seite1-243x300.png 243w, https:\/\/www.ubv-kaufering.de\/neu\/wp-content\/uploads\/2026\/02\/12_Hobelsberger_Anna_Seite1-49x60.png 49w\" sizes=\"auto, (max-width: 300px) 100vw, 300px\" \/><\/p>\n<p>&nbsp;<\/td>\n<\/tr>\n<tr style=\"height: 280px;\">\n<td style=\"width: 48%; text-align: left; vertical-align: top; height: 307px;\"><img loading=\"lazy\" decoding=\"async\" class=\"alignnone wp-image-941 size-full\" src=\"https:\/\/www.ubv-kaufering.de\/neu\/wp-content\/uploads\/2026\/02\/13_Rubenwolf_Rainer_Seite1.png\" alt=\"\" width=\"300\" height=\"371\" srcset=\"https:\/\/www.ubv-kaufering.de\/neu\/wp-content\/uploads\/2026\/02\/13_Rubenwolf_Rainer_Seite1.png 300w, https:\/\/www.ubv-kaufering.de\/neu\/wp-content\/uploads\/2026\/02\/13_Rubenwolf_Rainer_Seite1-243x300.png 243w, https:\/\/www.ubv-kaufering.de\/neu\/wp-content\/uploads\/2026\/02\/13_Rubenwolf_Rainer_Seite1-49x60.png 49w\" sizes=\"auto, (max-width: 300px) 100vw, 300px\" \/><\/p>\n<p>&nbsp;<\/td>\n<td style=\"text-align: left; vertical-align: top; width: 4.11125%; height: 307px;\"><\/td>\n<td style=\"width: 48%; text-align: left; vertical-align: top; height: 307px;\"><img loading=\"lazy\" decoding=\"async\" class=\"alignnone wp-image-944 size-full\" src=\"https:\/\/www.ubv-kaufering.de\/neu\/wp-content\/uploads\/2026\/02\/14_Rizer_Jeremy_Seite1.png\" alt=\"\" width=\"300\" height=\"371\" srcset=\"https:\/\/www.ubv-kaufering.de\/neu\/wp-content\/uploads\/2026\/02\/14_Rizer_Jeremy_Seite1.png 300w, https:\/\/www.ubv-kaufering.de\/neu\/wp-content\/uploads\/2026\/02\/14_Rizer_Jeremy_Seite1-243x300.png 243w, https:\/\/www.ubv-kaufering.de\/neu\/wp-content\/uploads\/2026\/02\/14_Rizer_Jeremy_Seite1-49x60.png 49w\" sizes=\"auto, (max-width: 300px) 100vw, 300px\" \/><\/p>\n<p>&nbsp;<\/td>\n<\/tr>\n<tr style=\"height: 280px;\">\n<td style=\"width: 48%; text-align: left; vertical-align: top; height: 307px;\"><img loading=\"lazy\" decoding=\"async\" class=\"alignnone wp-image-945 size-full\" src=\"https:\/\/www.ubv-kaufering.de\/neu\/wp-content\/uploads\/2026\/02\/15_Gross_Walther_Seite1.png\" alt=\"\" width=\"300\" height=\"371\" srcset=\"https:\/\/www.ubv-kaufering.de\/neu\/wp-content\/uploads\/2026\/02\/15_Gross_Walther_Seite1.png 300w, https:\/\/www.ubv-kaufering.de\/neu\/wp-content\/uploads\/2026\/02\/15_Gross_Walther_Seite1-243x300.png 243w, https:\/\/www.ubv-kaufering.de\/neu\/wp-content\/uploads\/2026\/02\/15_Gross_Walther_Seite1-49x60.png 49w\" sizes=\"auto, (max-width: 300px) 100vw, 300px\" \/><\/p>\n<p>&nbsp;<\/td>\n<td style=\"text-align: left; vertical-align: top; width: 4.11125%; height: 307px;\"><\/td>\n<td style=\"width: 48%; text-align: left; vertical-align: top; height: 307px;\"><img loading=\"lazy\" decoding=\"async\" class=\"alignnone wp-image-946 size-full\" src=\"https:\/\/www.ubv-kaufering.de\/neu\/wp-content\/uploads\/2026\/02\/16_Reimelt_Marcel_Seite1.png\" alt=\"\" width=\"300\" height=\"371\" srcset=\"https:\/\/www.ubv-kaufering.de\/neu\/wp-content\/uploads\/2026\/02\/16_Reimelt_Marcel_Seite1.png 300w, https:\/\/www.ubv-kaufering.de\/neu\/wp-content\/uploads\/2026\/02\/16_Reimelt_Marcel_Seite1-243x300.png 243w, https:\/\/www.ubv-kaufering.de\/neu\/wp-content\/uploads\/2026\/02\/16_Reimelt_Marcel_Seite1-49x60.png 49w\" sizes=\"auto, (max-width: 300px) 100vw, 300px\" \/><\/p>\n<p>&nbsp;<\/td>\n<\/tr>\n<tr style=\"height: 280px;\">\n<td style=\"width: 48%; text-align: left; vertical-align: top; height: 307px;\"><img loading=\"lazy\" decoding=\"async\" class=\"alignnone wp-image-949 size-full\" src=\"https:\/\/www.ubv-kaufering.de\/neu\/wp-content\/uploads\/2026\/02\/17_Puhla_Bernd_Seite1.png\" alt=\"\" width=\"300\" height=\"371\" srcset=\"https:\/\/www.ubv-kaufering.de\/neu\/wp-content\/uploads\/2026\/02\/17_Puhla_Bernd_Seite1.png 300w, https:\/\/www.ubv-kaufering.de\/neu\/wp-content\/uploads\/2026\/02\/17_Puhla_Bernd_Seite1-243x300.png 243w, https:\/\/www.ubv-kaufering.de\/neu\/wp-content\/uploads\/2026\/02\/17_Puhla_Bernd_Seite1-49x60.png 49w\" sizes=\"auto, (max-width: 300px) 100vw, 300px\" \/><\/p>\n<p>&nbsp;<\/td>\n<td style=\"text-align: left; vertical-align: top; width: 4.11125%; height: 307px;\"><\/td>\n<td style=\"width: 48%; text-align: left; vertical-align: top; height: 307px;\"><img loading=\"lazy\" decoding=\"async\" class=\"alignnone wp-image-952 size-full\" src=\"https:\/\/www.ubv-kaufering.de\/neu\/wp-content\/uploads\/2026\/02\/18_Schweikart_Frank_Seite1.png\" alt=\"\" width=\"300\" height=\"371\" srcset=\"https:\/\/www.ubv-kaufering.de\/neu\/wp-content\/uploads\/2026\/02\/18_Schweikart_Frank_Seite1.png 300w, https:\/\/www.ubv-kaufering.de\/neu\/wp-content\/uploads\/2026\/02\/18_Schweikart_Frank_Seite1-243x300.png 243w, https:\/\/www.ubv-kaufering.de\/neu\/wp-content\/uploads\/2026\/02\/18_Schweikart_Frank_Seite1-49x60.png 49w\" sizes=\"auto, (max-width: 300px) 100vw, 300px\" \/><\/p>\n<p>&nbsp;<\/td>\n<\/tr>\n<tr style=\"height: 280px;\">\n<td style=\"width: 48%; text-align: left; vertical-align: top; height: 307px;\"><img loading=\"lazy\" decoding=\"async\" class=\"alignnone wp-image-955 size-full\" src=\"https:\/\/www.ubv-kaufering.de\/neu\/wp-content\/uploads\/2026\/02\/19_Koepke_Lasse_Seite1.png\" alt=\"\" width=\"300\" height=\"371\" srcset=\"https:\/\/www.ubv-kaufering.de\/neu\/wp-content\/uploads\/2026\/02\/19_Koepke_Lasse_Seite1.png 300w, https:\/\/www.ubv-kaufering.de\/neu\/wp-content\/uploads\/2026\/02\/19_Koepke_Lasse_Seite1-243x300.png 243w, https:\/\/www.ubv-kaufering.de\/neu\/wp-content\/uploads\/2026\/02\/19_Koepke_Lasse_Seite1-49x60.png 49w\" sizes=\"auto, (max-width: 300px) 100vw, 300px\" \/><\/p>\n<p>&nbsp;<\/td>\n<td style=\"text-align: left; vertical-align: top; width: 4.11125%; height: 307px;\"><\/td>\n<td style=\"width: 48%; text-align: left; vertical-align: top; height: 307px;\"><img loading=\"lazy\" decoding=\"async\" class=\"alignnone wp-image-958 size-full\" src=\"https:\/\/www.ubv-kaufering.de\/neu\/wp-content\/uploads\/2026\/02\/20_Harbich_Fabian_Seite1.png\" alt=\"\" width=\"300\" height=\"371\" srcset=\"https:\/\/www.ubv-kaufering.de\/neu\/wp-content\/uploads\/2026\/02\/20_Harbich_Fabian_Seite1.png 300w, https:\/\/www.ubv-kaufering.de\/neu\/wp-content\/uploads\/2026\/02\/20_Harbich_Fabian_Seite1-243x300.png 243w, https:\/\/www.ubv-kaufering.de\/neu\/wp-content\/uploads\/2026\/02\/20_Harbich_Fabian_Seite1-49x60.png 49w\" sizes=\"auto, (max-width: 300px) 100vw, 300px\" \/><\/p>\n<p>&nbsp;<\/td>\n<\/tr>\n<tr style=\"height: 24px;\">\n<td style=\"width: 48%; text-align: left; vertical-align: top; height: 24px;\"><img loading=\"lazy\" decoding=\"async\" class=\"alignnone wp-image-961 size-full\" src=\"https:\/\/www.ubv-kaufering.de\/neu\/wp-content\/uploads\/2026\/02\/21_Wallenda_Ulrich_Seite1.png\" alt=\"\" width=\"300\" height=\"371\" srcset=\"https:\/\/www.ubv-kaufering.de\/neu\/wp-content\/uploads\/2026\/02\/21_Wallenda_Ulrich_Seite1.png 300w, https:\/\/www.ubv-kaufering.de\/neu\/wp-content\/uploads\/2026\/02\/21_Wallenda_Ulrich_Seite1-243x300.png 243w, https:\/\/www.ubv-kaufering.de\/neu\/wp-content\/uploads\/2026\/02\/21_Wallenda_Ulrich_Seite1-49x60.png 49w\" sizes=\"auto, (max-width: 300px) 100vw, 300px\" \/><\/p>\n<p>&nbsp;<\/td>\n<td style=\"text-align: left; vertical-align: top; width: 4.11125%; height: 24px;\"><\/td>\n<td style=\"width: 48%; text-align: left; vertical-align: top; height: 24px;\"><img loading=\"lazy\" decoding=\"async\" class=\"alignnone wp-image-962 size-full\" src=\"https:\/\/www.ubv-kaufering.de\/neu\/wp-content\/uploads\/2026\/02\/22_Moedl_Christine_Seite1.png\" alt=\"\" width=\"300\" height=\"371\" srcset=\"https:\/\/www.ubv-kaufering.de\/neu\/wp-content\/uploads\/2026\/02\/22_Moedl_Christine_Seite1.png 300w, https:\/\/www.ubv-kaufering.de\/neu\/wp-content\/uploads\/2026\/02\/22_Moedl_Christine_Seite1-243x300.png 243w, https:\/\/www.ubv-kaufering.de\/neu\/wp-content\/uploads\/2026\/02\/22_Moedl_Christine_Seite1-49x60.png 49w\" sizes=\"auto, (max-width: 300px) 100vw, 300px\" \/><\/p>\n<p>&nbsp;<\/td>\n<\/tr>\n<tr style=\"height: 24px;\">\n<td style=\"width: 48%; text-align: left; vertical-align: top; height: 24px;\"><img loading=\"lazy\" decoding=\"async\" class=\"alignnone wp-image-963 size-full\" src=\"https:\/\/www.ubv-kaufering.de\/neu\/wp-content\/uploads\/2026\/02\/23_Michel_Nicole_Seite1.png\" alt=\"\" width=\"300\" height=\"371\" srcset=\"https:\/\/www.ubv-kaufering.de\/neu\/wp-content\/uploads\/2026\/02\/23_Michel_Nicole_Seite1.png 300w, https:\/\/www.ubv-kaufering.de\/neu\/wp-content\/uploads\/2026\/02\/23_Michel_Nicole_Seite1-243x300.png 243w, https:\/\/www.ubv-kaufering.de\/neu\/wp-content\/uploads\/2026\/02\/23_Michel_Nicole_Seite1-49x60.png 49w\" sizes=\"auto, (max-width: 300px) 100vw, 300px\" \/><\/p>\n<p>&nbsp;<\/td>\n<td style=\"text-align: left; vertical-align: top; width: 4.11125%; height: 24px;\"><\/td>\n<td style=\"width: 48%; text-align: left; vertical-align: top; height: 24px;\"><img loading=\"lazy\" decoding=\"async\" class=\"alignnone wp-image-966 size-full\" src=\"https:\/\/www.ubv-kaufering.de\/neu\/wp-content\/uploads\/2026\/02\/24_Forster_Gerhard_Seite1.png\" alt=\"\" width=\"300\" height=\"371\" srcset=\"https:\/\/www.ubv-kaufering.de\/neu\/wp-content\/uploads\/2026\/02\/24_Forster_Gerhard_Seite1.png 300w, https:\/\/www.ubv-kaufering.de\/neu\/wp-content\/uploads\/2026\/02\/24_Forster_Gerhard_Seite1-243x300.png 243w, https:\/\/www.ubv-kaufering.de\/neu\/wp-content\/uploads\/2026\/02\/24_Forster_Gerhard_Seite1-49x60.png 49w\" sizes=\"auto, (max-width: 300px) 100vw, 300px\" \/><\/p>\n<p>&nbsp;<\/td>\n<\/tr>\n<\/tbody>\n<\/table>\n<p style=\"text-align: center;\"><span style=\"font-size: 18pt;\">Unsere Kandidatenliste f\u00fcr den Kreistag des Landkreises Landsberg am Lech<\/span><\/p>\n<p style=\"text-align: center;\">F\u00fcr den Kreistag bewerben sich folgende Personen<\/p>\n<p style=\"text-align: center;\">Platz 3 &#8211; M\u00f6dl Bernhard<br \/>\nPlatz 6 &#8211; Dr. Thomas Harbich<br \/>\nPlatz 8 &#8211; Dahme Claudia<br \/>\nPlatz 11 &#8211; Hetzke Oliver<br \/>\nPlatz 15 &#8211; Gold Barbara<br \/>\nPlatz 18 &#8211; Mayrock Meinrad<br \/>\nPlatz 21 &#8211; Rizer Jeremy<br \/>\nPlatz 24 &#8211; Gross Walther<br \/>\nPlatz 27 &#8211; Schweikert Frank<br \/>\nPlatz 30 &#8211; Forster Gerhard<br \/>\nPlatz 33 &#8211; Kenzler Sascha<\/p>\n","protected":false},"excerpt":{"rendered":"<p>&nbsp; Unsere Kandidaten f\u00fcr den Marktgemeinderat Kaufering 114 Jahre Erfahrung. Ein starkes Team. Die beste Wahl. Unsere aktuellen Kandidatinnen und Kandidaten vereinen 114 Jahre kommunalpolitische Erfahrung auf sich. Wir stehen damit f\u00fcr Kompetenz, Verl\u00e4sslichkeit und fundierte Entscheidungen f\u00fcr unsere Marktgemeinde und ihre Menschen. Wir sind ein altersm\u00e4\u00dfig gut gemischtes Team, das Erfahrung und neue Ideen &hellip; <\/p>\n","protected":false},"author":2,"featured_media":0,"parent":2,"menu_order":0,"comment_status":"closed","ping_status":"closed","template":"templates\/faq.php","meta":{"footnotes":""},"class_list":["post-845","page","type-page","status-publish","hentry","latest_post"],"_links":{"self":[{"href":"https:\/\/www.ubv-kaufering.de\/neu\/wp-json\/wp\/v2\/pages\/845","targetHints":{"allow":["GET"]}}],"collection":[{"href":"https:\/\/www.ubv-kaufering.de\/neu\/wp-json\/wp\/v2\/pages"}],"about":[{"href":"https:\/\/www.ubv-kaufering.de\/neu\/wp-json\/wp\/v2\/types\/page"}],"author":[{"embeddable":true,"href":"https:\/\/www.ubv-kaufering.de\/neu\/wp-json\/wp\/v2\/users\/2"}],"replies":[{"embeddable":true,"href":"https:\/\/www.ubv-kaufering.de\/neu\/wp-json\/wp\/v2\/comments?post=845"}],"version-history":[{"count":7,"href":"https:\/\/www.ubv-kaufering.de\/neu\/wp-json\/wp\/v2\/pages\/845\/revisions"}],"predecessor-version":[{"id":999,"href":"https:\/\/www.ubv-kaufering.de\/neu\/wp-json\/wp\/v2\/pages\/845\/revisions\/999"}],"up":[{"embeddable":true,"href":"https:\/\/www.ubv-kaufering.de\/neu\/wp-json\/wp\/v2\/pages\/2"}],"wp:attachment":[{"href":"https:\/\/www.ubv-kaufering.de\/neu\/wp-json\/wp\/v2\/media?parent=845"}],"curies":[{"name":"wp","href":"https:\/\/api.w.org\/{rel}","templated":true}]}}